{"id":1458,"date":"2021-05-18T18:55:11","date_gmt":"2021-05-18T16:55:11","guid":{"rendered":"https:\/\/courtcircuitnancy.fr\/?page_id=1458"},"modified":"2021-05-28T16:21:31","modified_gmt":"2021-05-28T14:21:31","slug":"reduction","status":"publish","type":"page","link":"https:\/\/courtcircuitnancy.fr\/index.php\/reduction\/","title":{"rendered":"R\u00e9duction \u00e9tudiante"},"content":{"rendered":"\t\t<div data-elementor-type=\"wp-post\" data-elementor-id=\"1458\" class=\"elementor elementor-1458\">\n\t\t\t\t\t\t<section class=\"elementor-section elementor-top-section elementor-element elementor-element-8e491de elementor-section-content-middle elementor-section-boxed elementor-section-height-default elementor-section-height-default\" data-id=\"8e491de\" data-element_type=\"section\" data-settings=\"{&quot;background_background&quot;:&quot;classic&quot;}\">\n\t\t\t\t\t\t\t<div class=\"elementor-background-overlay\"><\/div>\n\t\t\t\t\t\t\t<div class=\"elementor-container elementor-column-gap-no\">\n\t\t\t\t\t<div class=\"elementor-column elementor-col-100 elementor-top-column elementor-element elementor-element-fb027eb\" data-id=\"fb027eb\" data-element_type=\"column\">\n\t\t\t<div class=\"elementor-widget-wrap elementor-element-populated\">\n\t\t\t\t\t\t<div class=\"elementor-element elementor-element-02d282c elementor-widget elementor-widget-heading\" data-id=\"02d282c\" data-element_type=\"widget\" data-widget_type=\"heading.default\">\n\t\t\t\t<div class=\"elementor-widget-container\">\n\t\t\t<h1 class=\"elementor-heading-title elementor-size-default\">R\u00e9duction \u00e9tudiante <\/h1>\t\t<\/div>\n\t\t\t\t<\/div>\n\t\t\t\t\t<\/div>\n\t\t<\/div>\n\t\t\t\t\t<\/div>\n\t\t<\/section>\n\t\t\t\t<section class=\"elementor-section elementor-top-section elementor-element elementor-element-779cdd4 elementor-section-content-middle elementor-section-boxed elementor-section-height-default elementor-section-height-default\" data-id=\"779cdd4\" data-element_type=\"section\" data-settings=\"{&quot;background_background&quot;:&quot;classic&quot;}\">\n\t\t\t\t\t\t\t<div class=\"elementor-background-overlay\"><\/div>\n\t\t\t\t\t\t\t<div class=\"elementor-container elementor-column-gap-no\">\n\t\t\t\t\t<div class=\"elementor-column elementor-col-50 elementor-top-column elementor-element elementor-element-659faa5\" data-id=\"659faa5\" data-element_type=\"column\">\n\t\t\t<div class=\"elementor-widget-wrap elementor-element-populated\">\n\t\t\t\t\t\t<div class=\"elementor-element elementor-element-b69fbad elementor-widget elementor-widget-heading\" data-id=\"b69fbad\" data-element_type=\"widget\" data-widget_type=\"heading.default\">\n\t\t\t\t<div class=\"elementor-widget-container\">\n\t\t\t<h5 class=\"elementor-heading-title elementor-size-default\">Vous \u00eates \u00e9tudiant.e ? Profitez de 5 % de r\u00e9duction sur vos achats sous pr\u00e9sentation d'une carte \u00e9tudiant en cours de validit\u00e9 <br>Cette r\u00e9duction s'applique aussi sur l'espace Bar<\/h5>\t\t<\/div>\n\t\t\t\t<\/div>\n\t\t\t\t\t<\/div>\n\t\t<\/div>\n\t\t\t\t<div class=\"elementor-column elementor-col-50 elementor-top-column elementor-element elementor-element-ecc97dc\" data-id=\"ecc97dc\" data-element_type=\"column\" data-settings=\"{&quot;background_background&quot;:&quot;classic&quot;}\">\n\t\t\t<div class=\"elementor-widget-wrap elementor-element-populated\">\n\t\t\t\t\t\t<div class=\"elementor-element elementor-element-d75c3b1 elementor-widget elementor-widget-spacer\" data-id=\"d75c3b1\" data-element_type=\"widget\" data-widget_type=\"spacer.default\">\n\t\t\t\t<div class=\"elementor-widget-container\">\n\t\t\t\t\t<div class=\"elementor-spacer\">\n\t\t\t<div class=\"elementor-spacer-inner\"><\/div>\n\t\t<\/div>\n\t\t\t\t<\/div>\n\t\t\t\t<\/div>\n\t\t\t\t\t<\/div>\n\t\t<\/div>\n\t\t\t\t\t<\/div>\n\t\t<\/section>\n\t\t\t\t<\/div>\n\t\t","protected":false},"excerpt":{"rendered":"<p>R\u00e9duction \u00e9tudiante Vous \u00eates \u00e9tudiant.e ? Profitez de 5 % de r\u00e9duction sur vos achats sous pr\u00e9sentation d&rsquo;une carte \u00e9tudiant en cours de validit\u00e9 Cette r\u00e9duction s&rsquo;applique aussi sur l&rsquo;espace Bar<\/p>\n","protected":false},"author":1,"featured_media":0,"parent":0,"menu_order":0,"comment_status":"closed","ping_status":"closed","template":"","meta":{"footnotes":""},"class_list":["post-1458","page","type-page","status-publish","hentry"],"yoast_head":"<!-- This site is optimized with the Yoast SEO plugin v23.0 - https:\/\/yoast.com\/wordpress\/plugins\/seo\/ -->\n<title>R\u00e9duction \u00e9tudiante - court-circuit Nancy<\/title>\n<meta name=\"robots\" content=\"index, follow, max-snippet:-1, max-image-preview:large, max-video-preview:-1\" \/>\n<link rel=\"canonical\" href=\"https:\/\/courtcircuitnancy.fr\/index.php\/reduction\/\" \/>\n<meta property=\"og:locale\" content=\"fr_FR\" \/>\n<meta property=\"og:type\" content=\"article\" \/>\n<meta property=\"og:title\" content=\"R\u00e9duction \u00e9tudiante - court-circuit Nancy\" \/>\n<meta property=\"og:description\" content=\"R\u00e9duction \u00e9tudiante Vous \u00eates \u00e9tudiant.e ? Profitez de 5 % de r\u00e9duction sur vos achats sous pr\u00e9sentation d&rsquo;une carte \u00e9tudiant en cours de validit\u00e9 Cette r\u00e9duction s&rsquo;applique aussi sur l&rsquo;espace Bar\" \/>\n<meta property=\"og:url\" content=\"https:\/\/courtcircuitnancy.fr\/index.php\/reduction\/\" \/>\n<meta property=\"og:site_name\" content=\"court-circuit Nancy\" \/>\n<meta property=\"article:publisher\" content=\"https:\/\/www.facebook.com\/courtcircuitVoltaire\" \/>\n<meta property=\"article:modified_time\" content=\"2021-05-28T14:21:31+00:00\" \/>\n<meta name=\"twitter:card\" content=\"summary_large_image\" \/>\n<meta name=\"twitter:label1\" content=\"Dur\u00e9e de lecture estim\u00e9e\" \/>\n\t<meta name=\"twitter:data1\" content=\"1 minute\" \/>\n<script type=\"application\/ld+json\" class=\"yoast-schema-graph\">{\"@context\":\"https:\/\/schema.org\",\"@graph\":[{\"@type\":\"WebPage\",\"@id\":\"https:\/\/courtcircuitnancy.fr\/index.php\/reduction\/\",\"url\":\"https:\/\/courtcircuitnancy.fr\/index.php\/reduction\/\",\"name\":\"R\u00e9duction \u00e9tudiante - court-circuit Nancy\",\"isPartOf\":{\"@id\":\"https:\/\/courtcircuitnancy.fr\/#website\"},\"datePublished\":\"2021-05-18T16:55:11+00:00\",\"dateModified\":\"2021-05-28T14:21:31+00:00\",\"breadcrumb\":{\"@id\":\"https:\/\/courtcircuitnancy.fr\/index.php\/reduction\/#breadcrumb\"},\"inLanguage\":\"fr-FR\",\"potentialAction\":[{\"@type\":\"ReadAction\",\"target\":[\"https:\/\/courtcircuitnancy.fr\/index.php\/reduction\/\"]}]},{\"@type\":\"BreadcrumbList\",\"@id\":\"https:\/\/courtcircuitnancy.fr\/index.php\/reduction\/#breadcrumb\",\"itemListElement\":[{\"@type\":\"ListItem\",\"position\":1,\"name\":\"Home\",\"item\":\"https:\/\/courtcircuitnancy.fr\/\"},{\"@type\":\"ListItem\",\"position\":2,\"name\":\"R\u00e9duction \u00e9tudiante\"}]},{\"@type\":\"WebSite\",\"@id\":\"https:\/\/courtcircuitnancy.fr\/#website\",\"url\":\"https:\/\/courtcircuitnancy.fr\/\",\"name\":\"Court-circuit Nancy\",\"description\":\"Le local \u00e0 vivre(s)\",\"publisher\":{\"@id\":\"https:\/\/courtcircuitnancy.fr\/#organization\"},\"potentialAction\":[{\"@type\":\"SearchAction\",\"target\":{\"@type\":\"EntryPoint\",\"urlTemplate\":\"https:\/\/courtcircuitnancy.fr\/?s={search_term_string}\"},\"query-input\":\"required name=search_term_string\"}],\"inLanguage\":\"fr-FR\"},{\"@type\":\"Organization\",\"@id\":\"https:\/\/courtcircuitnancy.fr\/#organization\",\"name\":\"Court-circuit Nancy\",\"url\":\"https:\/\/courtcircuitnancy.fr\/\",\"logo\":{\"@type\":\"ImageObject\",\"inLanguage\":\"fr-FR\",\"@id\":\"https:\/\/courtcircuitnancy.fr\/#\/schema\/logo\/image\/\",\"url\":\"https:\/\/courtcircuitnancy.fr\/wp-content\/uploads\/2020\/11\/court-circuit-logo-jaune-vert-180.png\",\"contentUrl\":\"https:\/\/courtcircuitnancy.fr\/wp-content\/uploads\/2020\/11\/court-circuit-logo-jaune-vert-180.png\",\"width\":180,\"height\":180,\"caption\":\"Court-circuit Nancy\"},\"image\":{\"@id\":\"https:\/\/courtcircuitnancy.fr\/#\/schema\/logo\/image\/\"},\"sameAs\":[\"https:\/\/www.facebook.com\/courtcircuitVoltaire\",\"https:\/\/www.instagram.com\/court_circuit_nancy\/?hl=fr\"]}]}<\/script>\n<!-- \/ Yoast SEO plugin. -->","yoast_head_json":{"title":"R\u00e9duction \u00e9tudiante - court-circuit Nancy","robots":{"index":"index","follow":"follow","max-snippet":"max-snippet:-1","max-image-preview":"max-image-preview:large","max-video-preview":"max-video-preview:-1"},"canonical":"https:\/\/courtcircuitnancy.fr\/index.php\/reduction\/","og_locale":"fr_FR","og_type":"article","og_title":"R\u00e9duction \u00e9tudiante - court-circuit Nancy","og_description":"R\u00e9duction \u00e9tudiante Vous \u00eates \u00e9tudiant.e ? Profitez de 5 % de r\u00e9duction sur vos achats sous pr\u00e9sentation d&rsquo;une carte \u00e9tudiant en cours de validit\u00e9 Cette r\u00e9duction s&rsquo;applique aussi sur l&rsquo;espace Bar","og_url":"https:\/\/courtcircuitnancy.fr\/index.php\/reduction\/","og_site_name":"court-circuit Nancy","article_publisher":"https:\/\/www.facebook.com\/courtcircuitVoltaire","article_modified_time":"2021-05-28T14:21:31+00:00","twitter_card":"summary_large_image","twitter_misc":{"Dur\u00e9e de lecture estim\u00e9e":"1 minute"},"schema":{"@context":"https:\/\/schema.org","@graph":[{"@type":"WebPage","@id":"https:\/\/courtcircuitnancy.fr\/index.php\/reduction\/","url":"https:\/\/courtcircuitnancy.fr\/index.php\/reduction\/","name":"R\u00e9duction \u00e9tudiante - court-circuit Nancy","isPartOf":{"@id":"https:\/\/courtcircuitnancy.fr\/#website"},"datePublished":"2021-05-18T16:55:11+00:00","dateModified":"2021-05-28T14:21:31+00:00","breadcrumb":{"@id":"https:\/\/courtcircuitnancy.fr\/index.php\/reduction\/#breadcrumb"},"inLanguage":"fr-FR","potentialAction":[{"@type":"ReadAction","target":["https:\/\/courtcircuitnancy.fr\/index.php\/reduction\/"]}]},{"@type":"BreadcrumbList","@id":"https:\/\/courtcircuitnancy.fr\/index.php\/reduction\/#breadcrumb","itemListElement":[{"@type":"ListItem","position":1,"name":"Home","item":"https:\/\/courtcircuitnancy.fr\/"},{"@type":"ListItem","position":2,"name":"R\u00e9duction \u00e9tudiante"}]},{"@type":"WebSite","@id":"https:\/\/courtcircuitnancy.fr\/#website","url":"https:\/\/courtcircuitnancy.fr\/","name":"Court-circuit Nancy","description":"Le local \u00e0 vivre(s)","publisher":{"@id":"https:\/\/courtcircuitnancy.fr\/#organization"},"potentialAction":[{"@type":"SearchAction","target":{"@type":"EntryPoint","urlTemplate":"https:\/\/courtcircuitnancy.fr\/?s={search_term_string}"},"query-input":"required name=search_term_string"}],"inLanguage":"fr-FR"},{"@type":"Organization","@id":"https:\/\/courtcircuitnancy.fr\/#organization","name":"Court-circuit Nancy","url":"https:\/\/courtcircuitnancy.fr\/","logo":{"@type":"ImageObject","inLanguage":"fr-FR","@id":"https:\/\/courtcircuitnancy.fr\/#\/schema\/logo\/image\/","url":"https:\/\/courtcircuitnancy.fr\/wp-content\/uploads\/2020\/11\/court-circuit-logo-jaune-vert-180.png","contentUrl":"https:\/\/courtcircuitnancy.fr\/wp-content\/uploads\/2020\/11\/court-circuit-logo-jaune-vert-180.png","width":180,"height":180,"caption":"Court-circuit Nancy"},"image":{"@id":"https:\/\/courtcircuitnancy.fr\/#\/schema\/logo\/image\/"},"sameAs":["https:\/\/www.facebook.com\/courtcircuitVoltaire","https:\/\/www.instagram.com\/court_circuit_nancy\/?hl=fr"]}]}},"_links":{"self":[{"href":"https:\/\/courtcircuitnancy.fr\/index.php\/wp-json\/wp\/v2\/pages\/1458"}],"collection":[{"href":"https:\/\/courtcircuitnancy.fr\/index.php\/wp-json\/wp\/v2\/pages"}],"about":[{"href":"https:\/\/courtcircuitnancy.fr\/index.php\/wp-json\/wp\/v2\/types\/page"}],"author":[{"embeddable":true,"href":"https:\/\/courtcircuitnancy.fr\/index.php\/wp-json\/wp\/v2\/users\/1"}],"replies":[{"embeddable":true,"href":"https:\/\/courtcircuitnancy.fr\/index.php\/wp-json\/wp\/v2\/comments?post=1458"}],"version-history":[{"count":11,"href":"https:\/\/courtcircuitnancy.fr\/index.php\/wp-json\/wp\/v2\/pages\/1458\/revisions"}],"predecessor-version":[{"id":1637,"href":"https:\/\/courtcircuitnancy.fr\/index.php\/wp-json\/wp\/v2\/pages\/1458\/revisions\/1637"}],"wp:attachment":[{"href":"https:\/\/courtcircuitnancy.fr\/index.php\/wp-json\/wp\/v2\/media?parent=1458"}],"curies":[{"name":"wp","href":"https:\/\/api.w.org\/{rel}","templated":true}]}}