{"id":579,"date":"2021-05-04T12:31:37","date_gmt":"2021-05-04T10:31:37","guid":{"rendered":"http:\/\/courtcircuitnancy.fr\/?page_id=579"},"modified":"2026-02-03T14:39:00","modified_gmt":"2026-02-03T13:39:00","slug":"le-bar1","status":"publish","type":"page","link":"https:\/\/courtcircuitnancy.fr\/index.php\/le-bar1\/","title":{"rendered":"Le bar"},"content":{"rendered":"\t\t<div data-elementor-type=\"wp-post\" data-elementor-id=\"579\" class=\"elementor elementor-579\">\n\t\t\t\t\t\t<section class=\"elementor-section elementor-top-section elementor-element elementor-element-bbf904a elementor-section-content-middle elementor-section-boxed elementor-section-height-default elementor-section-height-default\" data-id=\"bbf904a\" data-element_type=\"section\" data-settings=\"{&quot;background_background&quot;:&quot;classic&quot;}\">\n\t\t\t\t\t\t\t<div class=\"elementor-background-overlay\"><\/div>\n\t\t\t\t\t\t\t<div class=\"elementor-container elementor-column-gap-no\">\n\t\t\t\t\t<div class=\"elementor-column elementor-col-100 elementor-top-column elementor-element elementor-element-401f620\" data-id=\"401f620\" data-element_type=\"column\">\n\t\t\t<div class=\"elementor-widget-wrap elementor-element-populated\">\n\t\t\t\t\t\t<div class=\"elementor-element elementor-element-def3ca5 elementor-widget elementor-widget-heading\" data-id=\"def3ca5\" data-element_type=\"widget\" data-widget_type=\"heading.default\">\n\t\t\t\t<div class=\"elementor-widget-container\">\n\t\t\t<h1 class=\"elementor-heading-title elementor-size-default\">Le bar <\/h1>\t\t<\/div>\n\t\t\t\t<\/div>\n\t\t\t\t\t<\/div>\n\t\t<\/div>\n\t\t\t\t\t<\/div>\n\t\t<\/section>\n\t\t\t\t<section class=\"elementor-section elementor-top-section elementor-element elementor-element-56e75dc elementor-section-height-min-height elementor-section-boxed elementor-section-height-default elementor-section-items-middle\" data-id=\"56e75dc\" data-element_type=\"section\" data-settings=\"{&quot;background_background&quot;:&quot;classic&quot;}\">\n\t\t\t\t\t\t\t<div class=\"elementor-background-overlay\"><\/div>\n\t\t\t\t\t\t\t<div class=\"elementor-container elementor-column-gap-no\">\n\t\t\t\t\t<div class=\"elementor-column elementor-col-33 elementor-top-column elementor-element elementor-element-11bae4d\" data-id=\"11bae4d\" data-element_type=\"column\">\n\t\t\t<div class=\"elementor-widget-wrap elementor-element-populated\">\n\t\t\t\t\t\t<div class=\"elementor-element elementor-element-872b8a6 elementor-widget elementor-widget-image\" data-id=\"872b8a6\" data-element_type=\"widget\" data-widget_type=\"image.default\">\n\t\t\t\t<div class=\"elementor-widget-container\">\n\t\t\t\t\t\t\t\t\t\t\t\t\t<img fetchpriority=\"high\" decoding=\"async\" width=\"2048\" height=\"1536\" src=\"https:\/\/courtcircuitnancy.fr\/wp-content\/uploads\/2021\/09\/IMG_0482.jpg\" class=\"attachment-full size-full wp-image-2045\" alt=\"\" srcset=\"https:\/\/courtcircuitnancy.fr\/wp-content\/uploads\/2021\/09\/IMG_0482.jpg 2048w, https:\/\/courtcircuitnancy.fr\/wp-content\/uploads\/2021\/09\/IMG_0482-300x225.jpg 300w, https:\/\/courtcircuitnancy.fr\/wp-content\/uploads\/2021\/09\/IMG_0482-1024x768.jpg 1024w, https:\/\/courtcircuitnancy.fr\/wp-content\/uploads\/2021\/09\/IMG_0482-768x576.jpg 768w, https:\/\/courtcircuitnancy.fr\/wp-content\/uploads\/2021\/09\/IMG_0482-1536x1152.jpg 1536w\" sizes=\"(max-width: 2048px) 100vw, 2048px\" \/>\t\t\t\t\t\t\t\t\t\t\t\t\t<\/div>\n\t\t\t\t<\/div>\n\t\t\t\t<div class=\"elementor-element elementor-element-5e655ad elementor-arrows-position-inside elementor-pagination-position-outside elementor-widget elementor-widget-image-carousel\" data-id=\"5e655ad\" data-element_type=\"widget\" data-settings=\"{&quot;slides_to_show&quot;:&quot;1&quot;,&quot;navigation&quot;:&quot;both&quot;,&quot;autoplay&quot;:&quot;yes&quot;,&quot;pause_on_hover&quot;:&quot;yes&quot;,&quot;pause_on_interaction&quot;:&quot;yes&quot;,&quot;autoplay_speed&quot;:5000,&quot;infinite&quot;:&quot;yes&quot;,&quot;effect&quot;:&quot;slide&quot;,&quot;speed&quot;:500}\" data-widget_type=\"image-carousel.default\">\n\t\t\t\t<div class=\"elementor-widget-container\">\n\t\t\t\t\t<div class=\"elementor-image-carousel-wrapper swiper\" dir=\"ltr\">\n\t\t\t<div class=\"elementor-image-carousel swiper-wrapper\" aria-live=\"off\">\n\t\t\t\t\t\t\t\t<div class=\"swiper-slide\" role=\"group\" aria-roledescription=\"slide\" aria-label=\"1 sur 4\"><figure class=\"swiper-slide-inner\"><img decoding=\"async\" class=\"swiper-slide-image\" src=\"https:\/\/courtcircuitnancy.fr\/wp-content\/uploads\/2025\/02\/1279890116802466589141661949314824334744686n.jpg\" alt=\"1279890116802466589141661949314824334744686n\" \/><\/figure><\/div><div class=\"swiper-slide\" role=\"group\" aria-roledescription=\"slide\" aria-label=\"2 sur 4\"><figure class=\"swiper-slide-inner\"><img decoding=\"async\" class=\"swiper-slide-image\" src=\"https:\/\/courtcircuitnancy.fr\/wp-content\/uploads\/2025\/02\/1200x680_fermiers_dici.jpg\" alt=\"1200x680_fermiers_dici\" \/><\/figure><\/div><div class=\"swiper-slide\" role=\"group\" aria-roledescription=\"slide\" aria-label=\"3 sur 4\"><figure class=\"swiper-slide-inner\"><img decoding=\"async\" class=\"swiper-slide-image\" src=\"https:\/\/courtcircuitnancy.fr\/wp-content\/uploads\/2025\/02\/609a4c95f1536_risotto_1_p-5311510.webp\" alt=\"609a4c95f1536_risotto_1_p-5311510\" \/><\/figure><\/div><div class=\"swiper-slide\" role=\"group\" aria-roledescription=\"slide\" aria-label=\"4 sur 4\"><figure class=\"swiper-slide-inner\"><img decoding=\"async\" class=\"swiper-slide-image\" src=\"https:\/\/courtcircuitnancy.fr\/wp-content\/uploads\/2025\/02\/img3616.jpg\" alt=\"img3616\" \/><\/figure><\/div>\t\t\t<\/div>\n\t\t\t\t\t\t\t\t\t\t\t\t<div class=\"elementor-swiper-button elementor-swiper-button-prev\" role=\"button\" tabindex=\"0\">\n\t\t\t\t\t\t<i aria-hidden=\"true\" class=\"eicon-chevron-left\"><\/i>\t\t\t\t\t<\/div>\n\t\t\t\t\t<div class=\"elementor-swiper-button elementor-swiper-button-next\" role=\"button\" tabindex=\"0\">\n\t\t\t\t\t\t<i aria-hidden=\"true\" class=\"eicon-chevron-right\"><\/i>\t\t\t\t\t<\/div>\n\t\t\t\t\n\t\t\t\t\t\t\t\t\t<div class=\"swiper-pagination\"><\/div>\n\t\t\t\t\t\t\t\t\t<\/div>\n\t\t\t\t<\/div>\n\t\t\t\t<\/div>\n\t\t\t\t<div class=\"elementor-element elementor-element-877479c elementor-widget elementor-widget-spacer\" data-id=\"877479c\" data-element_type=\"widget\" data-widget_type=\"spacer.default\">\n\t\t\t\t<div class=\"elementor-widget-container\">\n\t\t\t\t\t<div class=\"elementor-spacer\">\n\t\t\t<div class=\"elementor-spacer-inner\"><\/div>\n\t\t<\/div>\n\t\t\t\t<\/div>\n\t\t\t\t<\/div>\n\t\t\t\t\t<\/div>\n\t\t<\/div>\n\t\t\t\t<div class=\"elementor-column elementor-col-33 elementor-top-column elementor-element elementor-element-225578c\" data-id=\"225578c\" data-element_type=\"column\">\n\t\t\t<div class=\"elementor-widget-wrap elementor-element-populated\">\n\t\t\t\t\t\t<div class=\"elementor-element elementor-element-2412c84 elementor-widget elementor-widget-spacer\" data-id=\"2412c84\" data-element_type=\"widget\" data-widget_type=\"spacer.default\">\n\t\t\t\t<div class=\"elementor-widget-container\">\n\t\t\t\t\t<div class=\"elementor-spacer\">\n\t\t\t<div class=\"elementor-spacer-inner\"><\/div>\n\t\t<\/div>\n\t\t\t\t<\/div>\n\t\t\t\t<\/div>\n\t\t\t\t<div class=\"elementor-element elementor-element-936f2b6 elementor-widget elementor-widget-heading\" data-id=\"936f2b6\" data-element_type=\"widget\" data-widget_type=\"heading.default\">\n\t\t\t\t<div class=\"elementor-widget-container\">\n\t\t\t<h2 class=\"elementor-heading-title elementor-size-medium\">D\u00e9couvrez notre espace caf\u00e9\/bar !<\/h2>\t\t<\/div>\n\t\t\t\t<\/div>\n\t\t\t\t<div class=\"elementor-element elementor-element-bc26c67 elementor-widget elementor-widget-text-editor\" data-id=\"bc26c67\" data-element_type=\"widget\" data-widget_type=\"text-editor.default\">\n\t\t\t\t<div class=\"elementor-widget-container\">\n\t\t\t\t\t\t\t<p>Nous serons ravis de vous servir une large s\u00e9lection de bi\u00e8res et vins locaux, ainsi que des boissons fraiches (locales \u00e9galement) et des boissons chaudes Bio.\u00a0<\/p>\t\t\t\t\t\t<\/div>\n\t\t\t\t<\/div>\n\t\t\t\t<div class=\"elementor-element elementor-element-dc76ec6 elementor-widget elementor-widget-heading\" data-id=\"dc76ec6\" data-element_type=\"widget\" data-widget_type=\"heading.default\">\n\t\t\t\t<div class=\"elementor-widget-container\">\n\t\t\t<h3 class=\"elementor-heading-title elementor-size-small\">Retrouvez notre carte du bar<\/h3>\t\t<\/div>\n\t\t\t\t<\/div>\n\t\t\t\t<div class=\"elementor-element elementor-element-de6e118 elementor-view-default elementor-widget elementor-widget-icon\" data-id=\"de6e118\" data-element_type=\"widget\" data-widget_type=\"icon.default\">\n\t\t\t\t<div class=\"elementor-widget-container\">\n\t\t\t\t\t<div class=\"elementor-icon-wrapper\">\n\t\t\t<a class=\"elementor-icon\" href=\"http:\/\/courtcircuitnancy.fr\/wp-content\/uploads\/2026\/02\/nouvelle-carte-du-bar-2026_compressed.pdf\">\n\t\t\t<i aria-hidden=\"true\" class=\"fas fa-mug-hot\"><\/i>\t\t\t<\/a>\n\t\t<\/div>\n\t\t\t\t<\/div>\n\t\t\t\t<\/div>\n\t\t\t\t<div class=\"elementor-element elementor-element-e0457fc elementor-widget elementor-widget-spacer\" data-id=\"e0457fc\" data-element_type=\"widget\" data-widget_type=\"spacer.default\">\n\t\t\t\t<div class=\"elementor-widget-container\">\n\t\t\t\t\t<div class=\"elementor-spacer\">\n\t\t\t<div class=\"elementor-spacer-inner\"><\/div>\n\t\t<\/div>\n\t\t\t\t<\/div>\n\t\t\t\t<\/div>\n\t\t\t\t<div class=\"elementor-element elementor-element-1fcd9fe elementor-widget elementor-widget-heading\" data-id=\"1fcd9fe\" data-element_type=\"widget\" data-widget_type=\"heading.default\">\n\t\t\t\t<div class=\"elementor-widget-container\">\n\t\t\t<h3 class=\"elementor-heading-title elementor-size-default\">Restauration<\/h3>\t\t<\/div>\n\t\t\t\t<\/div>\n\t\t\t\t<div class=\"elementor-element elementor-element-9d86358 elementor-widget elementor-widget-text-editor\" data-id=\"9d86358\" data-element_type=\"widget\" data-widget_type=\"text-editor.default\">\n\t\t\t\t<div class=\"elementor-widget-container\">\n\t\t\t\t\t\t\t<p>Il est possible de se restaurer sur place du mardi au samedi gr\u00e2ce \u00e0 notre partenaire l&rsquo;entreprise de restauration \u00ab\u00a0Les Fermiers d&rsquo;ici\u00a0\u00bb. <span class=\"x193iq5w xeuugli x13faqbe x1vvkbs x1xmvt09 x1lliihq x1s928wv xhkezso x1gmr53x x1cpjm7i x1fgarty x1943h6x xudqn12 x3x7a5m x6prxxf xvq8zen xo1l8bm xzsf02u x1yc453h\" dir=\"auto\">De la restauration \u00e9thique tr\u00e8s attach\u00e9e aux produits locaux et bio, avec une d\u00e9marche z\u00e9ro d\u00e9chets o\u00f9 les plats se pr\u00e9sentent dans des bocaux consign\u00e9s.<br \/><\/span><\/p><p><span class=\"x193iq5w xeuugli x13faqbe x1vvkbs x1xmvt09 x1lliihq x1s928wv xhkezso x1gmr53x x1cpjm7i x1fgarty x1943h6x xudqn12 x3x7a5m x6prxxf xvq8zen xo1l8bm xzsf02u x1yc453h\" dir=\"auto\">L&rsquo;offre est toujours v\u00e9g\u00e9tarienne et souvent v\u00e9ganne, les plats sont bio et tr\u00e8s majoritairement r\u00e9alis\u00e9s avec des ingr\u00e9dients produits localement !<\/span><\/p><p>Les plats sont \u00e9galement disponibles \u00e0 emporter, avec la possibilit\u00e9 de venir r\u00e9cup\u00e9rer la consigne du bocal une fois vid\u00e9.<\/p><p>\u00a0<\/p>\t\t\t\t\t\t<\/div>\n\t\t\t\t<\/div>\n\t\t\t\t<div class=\"elementor-element elementor-element-9a47ed9 elementor-widget elementor-widget-text-editor\" data-id=\"9a47ed9\" data-element_type=\"widget\" data-widget_type=\"text-editor.default\">\n\t\t\t\t<div class=\"elementor-widget-container\">\n\t\t\t\t\t\t\t<p style=\"text-align: center;\">Les plats disponibles varient selon les arrivages et les p\u00e9riodes. Les recettes (toujours v\u00e9g\u00e9tariennes) les plus fr\u00e9quentes sont les Lasagnes, le Chili, le Curry, le Risotto de quinoa, le Tajine, la Ratatouille ou encore la Pot\u00e9e&#8230;<\/p>\t\t\t\t\t\t<\/div>\n\t\t\t\t<\/div>\n\t\t\t\t\t<\/div>\n\t\t<\/div>\n\t\t\t\t<div class=\"elementor-column elementor-col-33 elementor-top-column elementor-element elementor-element-d04fd55\" data-id=\"d04fd55\" data-element_type=\"column\">\n\t\t\t<div class=\"elementor-widget-wrap elementor-element-populated\">\n\t\t\t\t\t\t\t<\/div>\n\t\t<\/div>\n\t\t\t\t\t<\/div>\n\t\t<\/section>\n\t\t\t\t<section class=\"elementor-section elementor-top-section elementor-element elementor-element-e36c211 elementor-section-height-min-height elementor-section-boxed elementor-section-height-default elementor-section-items-middle\" data-id=\"e36c211\" data-element_type=\"section\">\n\t\t\t\t\t\t\t<div class=\"elementor-background-overlay\"><\/div>\n\t\t\t\t\t\t\t<div class=\"elementor-container elementor-column-gap-default\">\n\t\t\t\t\t<div class=\"elementor-column elementor-col-100 elementor-top-column elementor-element elementor-element-b9b8458\" data-id=\"b9b8458\" data-element_type=\"column\">\n\t\t\t<div class=\"elementor-widget-wrap elementor-element-populated\">\n\t\t\t\t\t\t<div class=\"elementor-element elementor-element-d469cea elementor-widget elementor-widget-heading\" data-id=\"d469cea\" data-element_type=\"widget\" data-widget_type=\"heading.default\">\n\t\t\t\t<div class=\"elementor-widget-container\">\n\t\t\t<h3 class=\"elementor-heading-title elementor-size-default\">Les actualit\u00e9s sont r\u00e9guli\u00e8rement pr\u00e9sent\u00e9es sur nos r\u00e9seaux sociaux<\/h3>\t\t<\/div>\n\t\t\t\t<\/div>\n\t\t\t\t<section class=\"elementor-section elementor-inner-section elementor-element elementor-element-213a2ef elementor-section-boxed elementor-section-height-default elementor-section-height-default\" data-id=\"213a2ef\" data-element_type=\"section\">\n\t\t\t\t\t\t<div class=\"elementor-container elementor-column-gap-default\">\n\t\t\t\t\t<div class=\"elementor-column elementor-col-50 elementor-inner-column elementor-element elementor-element-d9a8208\" data-id=\"d9a8208\" data-element_type=\"column\">\n\t\t\t<div class=\"elementor-widget-wrap elementor-element-populated\">\n\t\t\t\t\t\t<div class=\"elementor-element elementor-element-317be5d elementor-view-stacked elementor-shape-circle elementor-widget elementor-widget-icon\" data-id=\"317be5d\" data-element_type=\"widget\" data-widget_type=\"icon.default\">\n\t\t\t\t<div class=\"elementor-widget-container\">\n\t\t\t\t\t<div class=\"elementor-icon-wrapper\">\n\t\t\t<a class=\"elementor-icon\" href=\"https:\/\/www.facebook.com\/courtcircuitVoltaire\">\n\t\t\t<i aria-hidden=\"true\" class=\"fab fa-facebook\"><\/i>\t\t\t<\/a>\n\t\t<\/div>\n\t\t\t\t<\/div>\n\t\t\t\t<\/div>\n\t\t\t\t\t<\/div>\n\t\t<\/div>\n\t\t\t\t<div class=\"elementor-column elementor-col-50 elementor-inner-column elementor-element elementor-element-e30b943\" data-id=\"e30b943\" data-element_type=\"column\">\n\t\t\t<div class=\"elementor-widget-wrap elementor-element-populated\">\n\t\t\t\t\t\t<div class=\"elementor-element elementor-element-2eb4537 elementor-view-default elementor-widget elementor-widget-icon\" data-id=\"2eb4537\" data-element_type=\"widget\" data-widget_type=\"icon.default\">\n\t\t\t\t<div class=\"elementor-widget-container\">\n\t\t\t\t\t<div class=\"elementor-icon-wrapper\">\n\t\t\t<a class=\"elementor-icon\" href=\"https:\/\/www.instagram.com\/court_circuit_nancy\/?hl=fr\">\n\t\t\t<i aria-hidden=\"true\" class=\"fab fa-instagram\"><\/i>\t\t\t<\/a>\n\t\t<\/div>\n\t\t\t\t<\/div>\n\t\t\t\t<\/div>\n\t\t\t\t\t<\/div>\n\t\t<\/div>\n\t\t\t\t\t<\/div>\n\t\t<\/section>\n\t\t\t\t<div class=\"elementor-element elementor-element-9b3f092 elementor-widget elementor-widget-heading\" data-id=\"9b3f092\" data-element_type=\"widget\" data-widget_type=\"heading.default\">\n\t\t\t\t<div class=\"elementor-widget-container\">\n\t\t\t<h3 class=\"elementor-heading-title elementor-size-default\">Rejoignez-nous !<\/h3>\t\t<\/div>\n\t\t\t\t<\/div>\n\t\t\t\t\t<\/div>\n\t\t<\/div>\n\t\t\t\t\t<\/div>\n\t\t<\/section>\n\t\t\t\t<section class=\"elementor-section elementor-top-section elementor-element elementor-element-3c49514 elementor-section-boxed elementor-section-height-default elementor-section-height-default\" data-id=\"3c49514\" data-element_type=\"section\" data-settings=\"{&quot;background_background&quot;:&quot;classic&quot;}\">\n\t\t\t\t\t\t<div class=\"elementor-container elementor-column-gap-default\">\n\t\t\t\t\t<div class=\"elementor-column elementor-col-100 elementor-top-column elementor-element elementor-element-4cbb651\" data-id=\"4cbb651\" data-element_type=\"column\">\n\t\t\t<div class=\"elementor-widget-wrap elementor-element-populated\">\n\t\t\t\t\t\t<div class=\"elementor-element elementor-element-6ae65c3 elementor-widget elementor-widget-spacer\" data-id=\"6ae65c3\" data-element_type=\"widget\" data-widget_type=\"spacer.default\">\n\t\t\t\t<div class=\"elementor-widget-container\">\n\t\t\t\t\t<div class=\"elementor-spacer\">\n\t\t\t<div class=\"elementor-spacer-inner\"><\/div>\n\t\t<\/div>\n\t\t\t\t<\/div>\n\t\t\t\t<\/div>\n\t\t\t\t\t<\/div>\n\t\t<\/div>\n\t\t\t\t\t<\/div>\n\t\t<\/section>\n\t\t\t\t<\/div>\n\t\t","protected":false},"excerpt":{"rendered":"<p>Le bar D\u00e9couvrez notre espace caf\u00e9\/bar ! Nous serons ravis de vous servir une large s\u00e9lection de bi\u00e8res et vins locaux, ainsi que des boissons fraiches (locales \u00e9galement) et des boissons chaudes Bio.\u00a0 Retrouvez notre carte du bar Restauration Il est possible de se restaurer sur place du mardi au samedi gr\u00e2ce \u00e0 notre partenaire &hellip;<\/p>\n<p class=\"read-more\"> <a class=\"\" href=\"https:\/\/courtcircuitnancy.fr\/index.php\/le-bar1\/\"> <span class=\"screen-reader-text\">Le bar<\/span> Lire la suite \u00bb<\/a><\/p>\n","protected":false},"author":1,"featured_media":0,"parent":0,"menu_order":0,"comment_status":"closed","ping_status":"closed","template":"","meta":{"footnotes":""},"class_list":["post-579","page","type-page","status-publish","hentry"],"yoast_head":"<!-- This site is optimized with the Yoast SEO plugin v23.0 - https:\/\/yoast.com\/wordpress\/plugins\/seo\/ -->\n<title>Le bar - court-circuit Nancy<\/title>\n<meta name=\"robots\" content=\"index, follow, max-snippet:-1, max-image-preview:large, max-video-preview:-1\" \/>\n<link rel=\"canonical\" href=\"https:\/\/courtcircuitnancy.fr\/index.php\/le-bar1\/\" \/>\n<meta property=\"og:locale\" content=\"fr_FR\" \/>\n<meta property=\"og:type\" content=\"article\" \/>\n<meta property=\"og:title\" content=\"Le bar - court-circuit Nancy\" \/>\n<meta property=\"og:description\" content=\"Le bar D\u00e9couvrez notre espace caf\u00e9\/bar ! Nous serons ravis de vous servir une large s\u00e9lection de bi\u00e8res et vins locaux, ainsi que des boissons fraiches (locales \u00e9galement) et des boissons chaudes Bio.\u00a0 Retrouvez notre carte du bar Restauration Il est possible de se restaurer sur place du mardi au samedi gr\u00e2ce \u00e0 notre partenaire &hellip; Le bar Lire la suite \u00bb\" \/>\n<meta property=\"og:url\" content=\"https:\/\/courtcircuitnancy.fr\/index.php\/le-bar1\/\" \/>\n<meta property=\"og:site_name\" content=\"court-circuit Nancy\" \/>\n<meta property=\"article:publisher\" content=\"https:\/\/www.facebook.com\/courtcircuitVoltaire\" \/>\n<meta property=\"article:modified_time\" content=\"2026-02-03T13:39:00+00:00\" \/>\n<meta property=\"og:image\" content=\"http:\/\/courtcircuitnancy.fr\/wp-content\/uploads\/2021\/09\/IMG_0482.jpg\" \/>\n<meta name=\"twitter:card\" content=\"summary_large_image\" \/>\n<meta name=\"twitter:label1\" content=\"Dur\u00e9e de lecture estim\u00e9e\" \/>\n\t<meta name=\"twitter:data1\" content=\"3 minutes\" \/>\n<script type=\"application\/ld+json\" class=\"yoast-schema-graph\">{\"@context\":\"https:\/\/schema.org\",\"@graph\":[{\"@type\":\"WebPage\",\"@id\":\"https:\/\/courtcircuitnancy.fr\/index.php\/le-bar1\/\",\"url\":\"https:\/\/courtcircuitnancy.fr\/index.php\/le-bar1\/\",\"name\":\"Le bar - court-circuit Nancy\",\"isPartOf\":{\"@id\":\"https:\/\/courtcircuitnancy.fr\/#website\"},\"primaryImageOfPage\":{\"@id\":\"https:\/\/courtcircuitnancy.fr\/index.php\/le-bar1\/#primaryimage\"},\"image\":{\"@id\":\"https:\/\/courtcircuitnancy.fr\/index.php\/le-bar1\/#primaryimage\"},\"thumbnailUrl\":\"http:\/\/courtcircuitnancy.fr\/wp-content\/uploads\/2021\/09\/IMG_0482.jpg\",\"datePublished\":\"2021-05-04T10:31:37+00:00\",\"dateModified\":\"2026-02-03T13:39:00+00:00\",\"breadcrumb\":{\"@id\":\"https:\/\/courtcircuitnancy.fr\/index.php\/le-bar1\/#breadcrumb\"},\"inLanguage\":\"fr-FR\",\"potentialAction\":[{\"@type\":\"ReadAction\",\"target\":[\"https:\/\/courtcircuitnancy.fr\/index.php\/le-bar1\/\"]}]},{\"@type\":\"ImageObject\",\"inLanguage\":\"fr-FR\",\"@id\":\"https:\/\/courtcircuitnancy.fr\/index.php\/le-bar1\/#primaryimage\",\"url\":\"http:\/\/courtcircuitnancy.fr\/wp-content\/uploads\/2021\/09\/IMG_0482.jpg\",\"contentUrl\":\"http:\/\/courtcircuitnancy.fr\/wp-content\/uploads\/2021\/09\/IMG_0482.jpg\"},{\"@type\":\"BreadcrumbList\",\"@id\":\"https:\/\/courtcircuitnancy.fr\/index.php\/le-bar1\/#breadcrumb\",\"itemListElement\":[{\"@type\":\"ListItem\",\"position\":1,\"name\":\"Home\",\"item\":\"https:\/\/courtcircuitnancy.fr\/\"},{\"@type\":\"ListItem\",\"position\":2,\"name\":\"Le bar\"}]},{\"@type\":\"WebSite\",\"@id\":\"https:\/\/courtcircuitnancy.fr\/#website\",\"url\":\"https:\/\/courtcircuitnancy.fr\/\",\"name\":\"Court-circuit Nancy\",\"description\":\"Le local \u00e0 vivre(s)\",\"publisher\":{\"@id\":\"https:\/\/courtcircuitnancy.fr\/#organization\"},\"potentialAction\":[{\"@type\":\"SearchAction\",\"target\":{\"@type\":\"EntryPoint\",\"urlTemplate\":\"https:\/\/courtcircuitnancy.fr\/?s={search_term_string}\"},\"query-input\":\"required name=search_term_string\"}],\"inLanguage\":\"fr-FR\"},{\"@type\":\"Organization\",\"@id\":\"https:\/\/courtcircuitnancy.fr\/#organization\",\"name\":\"Court-circuit Nancy\",\"url\":\"https:\/\/courtcircuitnancy.fr\/\",\"logo\":{\"@type\":\"ImageObject\",\"inLanguage\":\"fr-FR\",\"@id\":\"https:\/\/courtcircuitnancy.fr\/#\/schema\/logo\/image\/\",\"url\":\"https:\/\/courtcircuitnancy.fr\/wp-content\/uploads\/2020\/11\/court-circuit-logo-jaune-vert-180.png\",\"contentUrl\":\"https:\/\/courtcircuitnancy.fr\/wp-content\/uploads\/2020\/11\/court-circuit-logo-jaune-vert-180.png\",\"width\":180,\"height\":180,\"caption\":\"Court-circuit Nancy\"},\"image\":{\"@id\":\"https:\/\/courtcircuitnancy.fr\/#\/schema\/logo\/image\/\"},\"sameAs\":[\"https:\/\/www.facebook.com\/courtcircuitVoltaire\",\"https:\/\/www.instagram.com\/court_circuit_nancy\/?hl=fr\"]}]}<\/script>\n<!-- \/ Yoast SEO plugin. -->","yoast_head_json":{"title":"Le bar - court-circuit Nancy","robots":{"index":"index","follow":"follow","max-snippet":"max-snippet:-1","max-image-preview":"max-image-preview:large","max-video-preview":"max-video-preview:-1"},"canonical":"https:\/\/courtcircuitnancy.fr\/index.php\/le-bar1\/","og_locale":"fr_FR","og_type":"article","og_title":"Le bar - court-circuit Nancy","og_description":"Le bar D\u00e9couvrez notre espace caf\u00e9\/bar ! Nous serons ravis de vous servir une large s\u00e9lection de bi\u00e8res et vins locaux, ainsi que des boissons fraiches (locales \u00e9galement) et des boissons chaudes Bio.\u00a0 Retrouvez notre carte du bar Restauration Il est possible de se restaurer sur place du mardi au samedi gr\u00e2ce \u00e0 notre partenaire &hellip; Le bar Lire la suite \u00bb","og_url":"https:\/\/courtcircuitnancy.fr\/index.php\/le-bar1\/","og_site_name":"court-circuit Nancy","article_publisher":"https:\/\/www.facebook.com\/courtcircuitVoltaire","article_modified_time":"2026-02-03T13:39:00+00:00","og_image":[{"url":"http:\/\/courtcircuitnancy.fr\/wp-content\/uploads\/2021\/09\/IMG_0482.jpg"}],"twitter_card":"summary_large_image","twitter_misc":{"Dur\u00e9e de lecture estim\u00e9e":"3 minutes"},"schema":{"@context":"https:\/\/schema.org","@graph":[{"@type":"WebPage","@id":"https:\/\/courtcircuitnancy.fr\/index.php\/le-bar1\/","url":"https:\/\/courtcircuitnancy.fr\/index.php\/le-bar1\/","name":"Le bar - court-circuit Nancy","isPartOf":{"@id":"https:\/\/courtcircuitnancy.fr\/#website"},"primaryImageOfPage":{"@id":"https:\/\/courtcircuitnancy.fr\/index.php\/le-bar1\/#primaryimage"},"image":{"@id":"https:\/\/courtcircuitnancy.fr\/index.php\/le-bar1\/#primaryimage"},"thumbnailUrl":"http:\/\/courtcircuitnancy.fr\/wp-content\/uploads\/2021\/09\/IMG_0482.jpg","datePublished":"2021-05-04T10:31:37+00:00","dateModified":"2026-02-03T13:39:00+00:00","breadcrumb":{"@id":"https:\/\/courtcircuitnancy.fr\/index.php\/le-bar1\/#breadcrumb"},"inLanguage":"fr-FR","potentialAction":[{"@type":"ReadAction","target":["https:\/\/courtcircuitnancy.fr\/index.php\/le-bar1\/"]}]},{"@type":"ImageObject","inLanguage":"fr-FR","@id":"https:\/\/courtcircuitnancy.fr\/index.php\/le-bar1\/#primaryimage","url":"http:\/\/courtcircuitnancy.fr\/wp-content\/uploads\/2021\/09\/IMG_0482.jpg","contentUrl":"http:\/\/courtcircuitnancy.fr\/wp-content\/uploads\/2021\/09\/IMG_0482.jpg"},{"@type":"BreadcrumbList","@id":"https:\/\/courtcircuitnancy.fr\/index.php\/le-bar1\/#breadcrumb","itemListElement":[{"@type":"ListItem","position":1,"name":"Home","item":"https:\/\/courtcircuitnancy.fr\/"},{"@type":"ListItem","position":2,"name":"Le bar"}]},{"@type":"WebSite","@id":"https:\/\/courtcircuitnancy.fr\/#website","url":"https:\/\/courtcircuitnancy.fr\/","name":"Court-circuit Nancy","description":"Le local \u00e0 vivre(s)","publisher":{"@id":"https:\/\/courtcircuitnancy.fr\/#organization"},"potentialAction":[{"@type":"SearchAction","target":{"@type":"EntryPoint","urlTemplate":"https:\/\/courtcircuitnancy.fr\/?s={search_term_string}"},"query-input":"required name=search_term_string"}],"inLanguage":"fr-FR"},{"@type":"Organization","@id":"https:\/\/courtcircuitnancy.fr\/#organization","name":"Court-circuit Nancy","url":"https:\/\/courtcircuitnancy.fr\/","logo":{"@type":"ImageObject","inLanguage":"fr-FR","@id":"https:\/\/courtcircuitnancy.fr\/#\/schema\/logo\/image\/","url":"https:\/\/courtcircuitnancy.fr\/wp-content\/uploads\/2020\/11\/court-circuit-logo-jaune-vert-180.png","contentUrl":"https:\/\/courtcircuitnancy.fr\/wp-content\/uploads\/2020\/11\/court-circuit-logo-jaune-vert-180.png","width":180,"height":180,"caption":"Court-circuit Nancy"},"image":{"@id":"https:\/\/courtcircuitnancy.fr\/#\/schema\/logo\/image\/"},"sameAs":["https:\/\/www.facebook.com\/courtcircuitVoltaire","https:\/\/www.instagram.com\/court_circuit_nancy\/?hl=fr"]}]}},"_links":{"self":[{"href":"https:\/\/courtcircuitnancy.fr\/index.php\/wp-json\/wp\/v2\/pages\/579"}],"collection":[{"href":"https:\/\/courtcircuitnancy.fr\/index.php\/wp-json\/wp\/v2\/pages"}],"about":[{"href":"https:\/\/courtcircuitnancy.fr\/index.php\/wp-json\/wp\/v2\/types\/page"}],"author":[{"embeddable":true,"href":"https:\/\/courtcircuitnancy.fr\/index.php\/wp-json\/wp\/v2\/users\/1"}],"replies":[{"embeddable":true,"href":"https:\/\/courtcircuitnancy.fr\/index.php\/wp-json\/wp\/v2\/comments?post=579"}],"version-history":[{"count":176,"href":"https:\/\/courtcircuitnancy.fr\/index.php\/wp-json\/wp\/v2\/pages\/579\/revisions"}],"predecessor-version":[{"id":3095,"href":"https:\/\/courtcircuitnancy.fr\/index.php\/wp-json\/wp\/v2\/pages\/579\/revisions\/3095"}],"wp:attachment":[{"href":"https:\/\/courtcircuitnancy.fr\/index.php\/wp-json\/wp\/v2\/media?parent=579"}],"curies":[{"name":"wp","href":"https:\/\/api.w.org\/{rel}","templated":true}]}}